{"id":30001,"date":"2022-07-28T14:09:33","date_gmt":"2022-07-28T14:09:33","guid":{"rendered":"https:\/\/www.ivh9.si\/Ponudbe\/zenoaza2\/kje-nas-najdete-copy\/"},"modified":"2025-11-20T15:32:51","modified_gmt":"2025-11-20T14:32:51","slug":"ljubitelji-zen-oaza-matche","status":"publish","type":"page","link":"https:\/\/www.zenoaza.si\/en\/ljubitelji-zen-oaza-matche\/","title":{"rendered":"Lovers of Matcha&#039;s Zen oasis"},"content":{"rendered":"<div data-elementor-type=\"wp-page\" data-elementor-id=\"30001\" class=\"elementor elementor-30001\" data-elementor-post-type=\"page\">\n\t\t\t\t\t\t<section class=\"elementor-section elementor-top-section elementor-element elementor-element-afee6b7 elementor-section-boxed elementor-section-height-default elementor-section-height-default\" data-id=\"afee6b7\" data-element_type=\"section\" data-settings=\"{&quot;jet_parallax_layout_list&quot;:[]}\">\n\t\t\t\t\t\t\t<div class=\"elementor-background-overlay\"><\/div>\n\t\t\t\t\t\t\t<div class=\"elementor-container elementor-column-gap-default\">\n\t\t\t\t\t<div class=\"elementor-column elementor-col-100 elementor-top-column elementor-element elementor-element-a4bb564\" data-id=\"a4bb564\" data-element_type=\"column\">\n\t\t\t<div class=\"elementor-widget-wrap elementor-element-populated\">\n\t\t\t\t\t\t<div class=\"elementor-element elementor-element-d67aff5 elementor-widget elementor-widget-heading\" data-id=\"d67aff5\" data-element_type=\"widget\" data-widget_type=\"heading.default\">\n\t\t\t\t<div class=\"elementor-widget-container\">\n\t\t\t\t\t<h2 class=\"elementor-heading-title elementor-size-default\">Lovers of Matcha&#039;s Zen oasis<\/h2>\t\t\t\t<\/div>\n\t\t\t\t<\/div>\n\t\t\t\t\t<\/div>\n\t\t<\/div>\n\t\t\t\t\t<\/div>\n\t\t<\/section>\n\t\t\t\t<section class=\"elementor-section elementor-top-section elementor-element elementor-element-d24ce43 elementor-section-boxed elementor-section-height-default elementor-section-height-default\" data-id=\"d24ce43\" data-element_type=\"section\" data-settings=\"{&quot;jet_parallax_layout_list&quot;:[]}\">\n\t\t\t\t\t\t\t<div class=\"elementor-background-overlay\"><\/div>\n\t\t\t\t\t\t\t<div class=\"elementor-container elementor-column-gap-default\">\n\t\t\t\t\t<div class=\"elementor-column elementor-col-100 elementor-top-column elementor-element elementor-element-81e26d8\" data-id=\"81e26d8\" data-element_type=\"column\">\n\t\t\t<div class=\"elementor-widget-wrap elementor-element-populated\">\n\t\t\t\t\t\t<section class=\"elementor-section elementor-inner-section elementor-element elementor-element-05b3155 elementor-section-full_width elementor-section-height-default elementor-section-height-default\" data-id=\"05b3155\" data-element_type=\"section\" data-settings=\"{&quot;jet_parallax_layout_list&quot;:[]}\">\n\t\t\t\t\t\t<div class=\"elementor-container elementor-column-gap-default\">\n\t\t\t\t\t<div class=\"elementor-column elementor-col-100 elementor-inner-column elementor-element elementor-element-73aec93\" data-id=\"73aec93\" data-element_type=\"column\">\n\t\t\t<div class=\"elementor-widget-wrap elementor-element-populated\">\n\t\t\t\t\t\t<div class=\"elementor-element elementor-element-e5e04b4 elementor-widget elementor-widget-text-editor\" data-id=\"e5e04b4\" data-element_type=\"widget\" data-widget_type=\"text-editor.default\">\n\t\t\t\t<div class=\"elementor-widget-container\">\n\t\t\t\t\t\t\t\t\t<p><strong>Our influencers are so enthusiastic about Zen Oasis Matcha that they decided to share their opinion with you.\u00a0<\/strong><\/p><p>We are immensely grateful to them for that \ud83d\ude09\u00a0<\/p><p><strong>By clicking on their picture you can see their instagram profile, we are sure you will love them too!<\/strong><\/p>\t\t\t\t\t\t\t\t<\/div>\n\t\t\t\t<\/div>\n\t\t\t\t<div class=\"elementor-element elementor-element-142b63ea elementor-widget elementor-widget-jet-carousel\" data-id=\"142b63ea\" data-element_type=\"widget\" data-settings=\"{&quot;slides_to_show&quot;:&quot;4&quot;,&quot;slides_to_show_mobile&quot;:&quot;1&quot;,&quot;slides_to_scroll&quot;:&quot;1&quot;}\" data-widget_type=\"jet-carousel.default\">\n\t\t\t\t<div class=\"elementor-widget-container\">\n\t\t\t\t\t<div class=\"elementor-jet-carousel jet-elements\"><div class=\"jet-carousel-wrap\">\n\t<div class=\"jet-carousel\" data-slider_options=\"{&quot;autoplaySpeed&quot;:5000,&quot;autoplay&quot;:true,&quot;infinite&quot;:true,&quot;centerMode&quot;:false,&quot;centerPadding&quot;:&quot;50px&quot;,&quot;pauseOnHover&quot;:false,&quot;speed&quot;:500,&quot;arrows&quot;:false,&quot;dots&quot;:true,&quot;variableWidth&quot;:false,&quot;prevArrow&quot;:&quot;.jet-carousel__prev-arrow-142b63ea&quot;,&quot;nextArrow&quot;:&quot;.jet-carousel__next-arrow-142b63ea&quot;,&quot;rtl&quot;:false,&quot;fractionNav&quot;:false}\" dir=\"ltr\">\n\t<div class=\"elementor-slick-slider\">\n\n<div class=\"jet-carousel__item\">\n\t<div class=\"jet-carousel__item-inner\"><a href=\"https:\/\/www.instagram.com\/goingplant\/\" class=\"jet-carousel__item-link\" target=\"_blank\" ><img decoding=\"async\" src=\"https:\/\/www.zenoaza.si\/wp-content\/uploads\/2025\/01\/12-1.jpg\" class=\"jet-carousel__item-img\" alt=\"12\" loading=\"lazy\"><\/a><div class=\"jet-carousel__content\"><\/div><\/div>\n<\/div>\n\n<div class=\"jet-carousel__item\">\n\t<div class=\"jet-carousel__item-inner\"><a href=\"https:\/\/www.instagram.com\/yummyslovenia\/\" class=\"jet-carousel__item-link\" target=\"_blank\" ><img decoding=\"async\" src=\"https:\/\/www.zenoaza.si\/wp-content\/uploads\/2025\/01\/11-1.jpg\" class=\"jet-carousel__item-img\" alt=\"11\" loading=\"lazy\"><\/a><div class=\"jet-carousel__content\"><\/div><\/div>\n<\/div>\n\n<div class=\"jet-carousel__item\">\n\t<div class=\"jet-carousel__item-inner\"><a href=\"https:\/\/www.instagram.com\/sandra_erzen\/\" class=\"jet-carousel__item-link\" target=\"_blank\" ><img decoding=\"async\" src=\"https:\/\/www.zenoaza.si\/wp-content\/uploads\/2025\/01\/1-1.jpg\" class=\"jet-carousel__item-img\" alt=\"\" loading=\"lazy\"><\/a><div class=\"jet-carousel__content\"><\/div><\/div>\n<\/div>\n\n<div class=\"jet-carousel__item\">\n\t<div class=\"jet-carousel__item-inner\"><a href=\"https:\/\/www.instagram.com\/buffbunny_lana\/\" class=\"jet-carousel__item-link\" target=\"_blank\" ><img decoding=\"async\" src=\"https:\/\/www.zenoaza.si\/wp-content\/uploads\/2025\/01\/9-1.jpg\" class=\"jet-carousel__item-img\" alt=\"9\" loading=\"lazy\"><\/a><div class=\"jet-carousel__content\"><\/div><\/div>\n<\/div>\n\n<div class=\"jet-carousel__item\">\n\t<div class=\"jet-carousel__item-inner\"><a href=\"https:\/\/www.instagram.com\/masa_zalokar\/\" class=\"jet-carousel__item-link\" target=\"_blank\" ><img decoding=\"async\" src=\"https:\/\/www.zenoaza.si\/wp-content\/uploads\/2025\/01\/7-1.jpg\" class=\"jet-carousel__item-img\" alt=\"7\" loading=\"lazy\"><\/a><div class=\"jet-carousel__content\"><\/div><\/div>\n<\/div>\n\n<div class=\"jet-carousel__item\">\n\t<div class=\"jet-carousel__item-inner\"><a href=\"https:\/\/www.instagram.com\/ninka.planinka\/\" class=\"jet-carousel__item-link\" target=\"_blank\" ><img decoding=\"async\" src=\"https:\/\/www.zenoaza.si\/wp-content\/uploads\/2025\/01\/3-1.jpg\" class=\"jet-carousel__item-img\" alt=\"3\" loading=\"lazy\"><\/a><div class=\"jet-carousel__content\"><\/div><\/div>\n<\/div>\n\n<div class=\"jet-carousel__item\">\n\t<div class=\"jet-carousel__item-inner\"><a href=\"https:\/\/www.instagram.com\/maja.jancar\/\" class=\"jet-carousel__item-link\" target=\"_blank\" ><img decoding=\"async\" src=\"https:\/\/www.zenoaza.si\/wp-content\/uploads\/2025\/01\/5-1.jpg\" class=\"jet-carousel__item-img\" alt=\"5\" loading=\"lazy\"><\/a><div class=\"jet-carousel__content\"><\/div><\/div>\n<\/div>\n\n<div class=\"jet-carousel__item\">\n\t<div class=\"jet-carousel__item-inner\"><a href=\"https:\/\/www.instagram.com\/strawberryandbliss\/\" class=\"jet-carousel__item-link\" target=\"_blank\" ><img decoding=\"async\" src=\"https:\/\/www.zenoaza.si\/wp-content\/uploads\/2025\/01\/14-1.jpg\" class=\"jet-carousel__item-img\" alt=\"14\" loading=\"lazy\"><\/a><div class=\"jet-carousel__content\"><\/div><\/div>\n<\/div>\n\n<div class=\"jet-carousel__item\">\n\t<div class=\"jet-carousel__item-inner\"><a href=\"https:\/\/www.instagram.com\/everyday_breakfast_club\/\" class=\"jet-carousel__item-link\" target=\"_blank\" ><img decoding=\"async\" src=\"https:\/\/www.zenoaza.si\/wp-content\/uploads\/2025\/01\/18-1.jpg\" class=\"jet-carousel__item-img\" alt=\"18\" loading=\"lazy\"><\/a><div class=\"jet-carousel__content\"><\/div><\/div>\n<\/div>\n\n<div class=\"jet-carousel__item\">\n\t<div class=\"jet-carousel__item-inner\"><a href=\"https:\/\/www.instagram.com\/ninabavdek\/\" class=\"jet-carousel__item-link\" target=\"_blank\" ><img decoding=\"async\" src=\"https:\/\/www.zenoaza.si\/wp-content\/uploads\/2025\/01\/16-1.jpg\" class=\"jet-carousel__item-img\" alt=\"16\" loading=\"lazy\"><\/a><div class=\"jet-carousel__content\"><\/div><\/div>\n<\/div>\n\n<div class=\"jet-carousel__item\">\n\t<div class=\"jet-carousel__item-inner\"><a href=\"https:\/\/www.instagram.com\/svojasrecka\/\" class=\"jet-carousel__item-link\" target=\"_blank\" ><img decoding=\"async\" src=\"https:\/\/www.zenoaza.si\/wp-content\/uploads\/2025\/01\/20-1.jpg\" class=\"jet-carousel__item-img\" alt=\"20\" loading=\"lazy\"><\/a><div class=\"jet-carousel__content\"><\/div><\/div>\n<\/div>\n\n<div class=\"jet-carousel__item\">\n\t<div class=\"jet-carousel__item-inner\"><a href=\"https:\/\/www.instagram.com\/knjiznisepet\/\" class=\"jet-carousel__item-link\" target=\"_blank\" ><img decoding=\"async\" src=\"https:\/\/www.zenoaza.si\/wp-content\/uploads\/2025\/01\/22-1.jpg\" class=\"jet-carousel__item-img\" alt=\"22\" loading=\"lazy\"><\/a><div class=\"jet-carousel__content\"><\/div><\/div>\n<\/div>\n\n<div class=\"jet-carousel__item\">\n\t<div class=\"jet-carousel__item-inner\"><a href=\"https:\/\/www.instagram.com\/tale_0f_yum\/\" class=\"jet-carousel__item-link\" target=\"_blank\" ><img decoding=\"async\" src=\"https:\/\/www.zenoaza.si\/wp-content\/uploads\/2025\/01\/24.jpg\" class=\"jet-carousel__item-img\" alt=\"24\" loading=\"lazy\"><\/a><div class=\"jet-carousel__content\"><\/div><\/div>\n<\/div>\n<\/div><\/div>\n<\/div>\n<\/div>\t\t\t\t<\/div>\n\t\t\t\t<\/div>\n\t\t\t\t\t<\/div>\n\t\t<\/div>\n\t\t\t\t\t<\/div>\n\t\t<\/section>\n\t\t\t\t\t<\/div>\n\t\t<\/div>\n\t\t\t\t\t<\/div>\n\t\t<\/section>\n\t\t\t\t<\/div>","protected":false},"excerpt":{"rendered":"<p>Na\u0161i vplivne\u017ei so nad Zen oaza Matcho tako izjemno navdu\u0161eni, da so se svoje mnenje odlo\u010dili deliti tudi z vami.\u00a0 Za to smo jih neizmerno hvale\u017eni \ud83d\ude09\u00a0 S klikom na njhovo sliko si lahko ogledate njihov instagram profil, prepri\u010dani smo, da jih boste tudi vi vzljubili!<\/p>","protected":false},"author":1,"featured_media":0,"parent":0,"menu_order":0,"comment_status":"closed","ping_status":"closed","template":"","meta":{"_seopress_robots_primary_cat":"","_seopress_titles_title":"","_seopress_titles_desc":"","_seopress_robots_index":"","footnotes":""},"class_list":["post-30001","page","type-page","status-publish","hentry","entry","owp-thumbs-layout-vertical","owp-btn-big","owp-tabs-layout-section","has-no-thumbnails","has-product-nav"],"jetpack_sharing_enabled":true,"_links":{"self":[{"href":"https:\/\/www.zenoaza.si\/en\/wp-json\/wp\/v2\/pages\/30001","targetHints":{"allow":["GET"]}}],"collection":[{"href":"https:\/\/www.zenoaza.si\/en\/wp-json\/wp\/v2\/pages"}],"about":[{"href":"https:\/\/www.zenoaza.si\/en\/wp-json\/wp\/v2\/types\/page"}],"author":[{"embeddable":true,"href":"https:\/\/www.zenoaza.si\/en\/wp-json\/wp\/v2\/users\/1"}],"replies":[{"embeddable":true,"href":"https:\/\/www.zenoaza.si\/en\/wp-json\/wp\/v2\/comments?post=30001"}],"version-history":[{"count":0,"href":"https:\/\/www.zenoaza.si\/en\/wp-json\/wp\/v2\/pages\/30001\/revisions"}],"wp:attachment":[{"href":"https:\/\/www.zenoaza.si\/en\/wp-json\/wp\/v2\/media?parent=30001"}],"curies":[{"name":"wp","href":"https:\/\/api.w.org\/{rel}","templated":true}]}}