{"id":28519,"date":"2022-06-20T15:31:49","date_gmt":"2022-06-20T15:31:49","guid":{"rendered":"https:\/\/www.ivh9.si\/Ponudbe\/zenoaza2\/recepti-copy\/"},"modified":"2025-02-03T14:53:05","modified_gmt":"2025-02-03T13:53:05","slug":"zen-oaza","status":"publish","type":"page","link":"https:\/\/www.zenoaza.si\/en\/zen-oaza\/","title":{"rendered":"ZEN OAZA"},"content":{"rendered":"<div data-elementor-type=\"wp-page\" data-elementor-id=\"28519\" class=\"elementor elementor-28519\" data-elementor-post-type=\"page\">\n\t\t\t\t\t\t<section class=\"elementor-section elementor-top-section elementor-element elementor-element-afee6b7 elementor-section-boxed elementor-section-height-default elementor-section-height-default\" data-id=\"afee6b7\" data-element_type=\"section\" data-settings=\"{&quot;jet_parallax_layout_list&quot;:[]}\">\n\t\t\t\t\t\t\t<div class=\"elementor-background-overlay\"><\/div>\n\t\t\t\t\t\t\t<div class=\"elementor-container elementor-column-gap-default\">\n\t\t\t\t\t<div class=\"elementor-column elementor-col-100 elementor-top-column elementor-element elementor-element-a4bb564\" data-id=\"a4bb564\" data-element_type=\"column\">\n\t\t\t<div class=\"elementor-widget-wrap elementor-element-populated\">\n\t\t\t\t\t\t<div class=\"elementor-element elementor-element-d67aff5 elementor-widget elementor-widget-heading\" data-id=\"d67aff5\" data-element_type=\"widget\" data-widget_type=\"heading.default\">\n\t\t\t\t<div class=\"elementor-widget-container\">\n\t\t\t\t\t<h2 class=\"elementor-heading-title elementor-size-default\">ZEN OAZA<\/h2>\t\t\t\t<\/div>\n\t\t\t\t<\/div>\n\t\t\t\t\t<\/div>\n\t\t<\/div>\n\t\t\t\t\t<\/div>\n\t\t<\/section>\n\t\t\t\t<section class=\"elementor-section elementor-top-section elementor-element elementor-element-d24ce43 elementor-section-boxed elementor-section-height-default elementor-section-height-default\" data-id=\"d24ce43\" data-element_type=\"section\" data-settings=\"{&quot;jet_parallax_layout_list&quot;:[]}\">\n\t\t\t\t\t\t\t<div class=\"elementor-background-overlay\"><\/div>\n\t\t\t\t\t\t\t<div class=\"elementor-container elementor-column-gap-default\">\n\t\t\t\t\t<div class=\"elementor-column elementor-col-100 elementor-top-column elementor-element elementor-element-81e26d8\" data-id=\"81e26d8\" data-element_type=\"column\">\n\t\t\t<div class=\"elementor-widget-wrap elementor-element-populated\">\n\t\t\t\t\t\t<section class=\"elementor-section elementor-inner-section elementor-element elementor-element-05b3155 elementor-section-full_width elementor-section-height-default elementor-section-height-default\" data-id=\"05b3155\" data-element_type=\"section\" data-settings=\"{&quot;jet_parallax_layout_list&quot;:[]}\">\n\t\t\t\t\t\t<div class=\"elementor-container elementor-column-gap-default\">\n\t\t\t\t\t<div class=\"elementor-column elementor-col-50 elementor-inner-column elementor-element elementor-element-73aec93\" data-id=\"73aec93\" data-element_type=\"column\">\n\t\t\t<div class=\"elementor-widget-wrap elementor-element-populated\">\n\t\t\t\t\t\t<div class=\"elementor-element elementor-element-e5e04b4 elementor-widget elementor-widget-text-editor\" data-id=\"e5e04b4\" data-element_type=\"widget\" data-widget_type=\"text-editor.default\">\n\t\t\t\t<div class=\"elementor-widget-container\">\n\t\t\t\t\t\t\t\t\t<p class=\"p1\">\u00a0<\/p><p class=\"p1\"><strong><span class=\"s1\">We are Ma\u0161a and Matja\u017e, the creators of Zen Oasis, where we combine the best from the world of Matcha and Zen philosophy. <\/span><\/strong><\/p><p class=\"p1\"><span class=\"s1\">For all of you who want to learn more about Matcha and Zen, Ma\u0161a has written a book that will help you discover inner peace. <\/span><\/p><p class=\"p1\"><span class=\"s1\"><strong>Zen means inner peace, complete calmness and harmony with everything that is happening within you and around you.<\/strong> <\/span><\/p><p class=\"p1\"><strong><span class=\"s1\">An oasis is a space that offers everything you need to make your life more beautiful, easier, and more harmonious.<\/span><\/strong><\/p><p class=\"p1\"><span class=\"s1\">With premium Matcha, we want to make your everyday life a little more zen, so that every sip becomes a moment of peace, joy, and warmth.<\/span><\/p><p class=\"p1\"><strong><span class=\"s1\">Our 100% organic Matcha is freshly ground especially for us and comes directly from the land of the rising sun. All Matcha is certified for quality, ensuring a premium experience.<\/span><\/strong><\/p><p class=\"p1\"><span class=\"s1\">We realize that the world is flooded with various Matcha products, so we strive to offer you only the best.<\/span><\/p><p class=\"p1\"><span class=\"s1\"> Our products awaken your senses and transport you to the magical world of Japanese culture.<\/span><\/p><p class=\"p1\"><span class=\"s1\">Life is too short to rush through the days without pleasure. <\/span><\/p><p class=\"p1\"><strong><span class=\"s1\">Welcome to Zen Oasis \u2013 your true Matcha world.<\/span><\/strong><\/p><p class=\"p1\">\u00a0<\/p>\t\t\t\t\t\t\t\t<\/div>\n\t\t\t\t<\/div>\n\t\t\t\t\t<\/div>\n\t\t<\/div>\n\t\t\t\t<div class=\"elementor-column elementor-col-50 elementor-inner-column elementor-element elementor-element-05d0e9c\" data-id=\"05d0e9c\" data-element_type=\"column\" data-settings=\"{&quot;background_background&quot;:&quot;classic&quot;}\">\n\t\t\t<div class=\"elementor-widget-wrap elementor-element-populated\">\n\t\t\t\t\t\t<div class=\"elementor-element elementor-element-bc820f8 elementor-widget elementor-widget-spacer\" data-id=\"bc820f8\" data-element_type=\"widget\" data-widget_type=\"spacer.default\">\n\t\t\t\t<div class=\"elementor-widget-container\">\n\t\t\t\t\t\t\t<div class=\"elementor-spacer\">\n\t\t\t<div class=\"elementor-spacer-inner\"><\/div>\n\t\t<\/div>\n\t\t\t\t\t\t<\/div>\n\t\t\t\t<\/div>\n\t\t\t\t\t<\/div>\n\t\t<\/div>\n\t\t\t\t\t<\/div>\n\t\t<\/section>\n\t\t\t\t\t<\/div>\n\t\t<\/div>\n\t\t\t\t\t<\/div>\n\t\t<\/section>\n\t\t\t\t<\/div>","protected":false},"excerpt":{"rendered":"<p>\u00a0 We are Ma\u0161a and Matja\u017e, the creators of Zen Oasis, where we combine the best from the world of Matcha and Zen philosophy. Ma\u0161a has written a book for all of you who want to learn more about Matcha and Zen, which will help you discover inner peace. Zen means inner peace, complete calmness and harmony with everything that is happening within you and around you. [\u2026]<\/p>","protected":false},"author":1,"featured_media":0,"parent":0,"menu_order":0,"comment_status":"closed","ping_status":"closed","template":"","meta":{"_seopress_robots_primary_cat":"","_seopress_titles_title":"","_seopress_titles_desc":"","_seopress_robots_index":"","footnotes":""},"class_list":["post-28519","page","type-page","status-publish","hentry","entry","owp-thumbs-layout-vertical","owp-btn-big","owp-tabs-layout-section","has-no-thumbnails","has-product-nav"],"jetpack_sharing_enabled":true,"_links":{"self":[{"href":"https:\/\/www.zenoaza.si\/en\/wp-json\/wp\/v2\/pages\/28519","targetHints":{"allow":["GET"]}}],"collection":[{"href":"https:\/\/www.zenoaza.si\/en\/wp-json\/wp\/v2\/pages"}],"about":[{"href":"https:\/\/www.zenoaza.si\/en\/wp-json\/wp\/v2\/types\/page"}],"author":[{"embeddable":true,"href":"https:\/\/www.zenoaza.si\/en\/wp-json\/wp\/v2\/users\/1"}],"replies":[{"embeddable":true,"href":"https:\/\/www.zenoaza.si\/en\/wp-json\/wp\/v2\/comments?post=28519"}],"version-history":[{"count":0,"href":"https:\/\/www.zenoaza.si\/en\/wp-json\/wp\/v2\/pages\/28519\/revisions"}],"wp:attachment":[{"href":"https:\/\/www.zenoaza.si\/en\/wp-json\/wp\/v2\/media?parent=28519"}],"curies":[{"name":"wp","href":"https:\/\/api.w.org\/{rel}","templated":true}]}}