{"id":28068,"date":"2022-06-15T09:18:25","date_gmt":"2022-06-15T09:18:25","guid":{"rendered":"https:\/\/www.ivh9.si\/Ponudbe\/zenoaza2\/?page_id=28068"},"modified":"2024-05-28T14:01:12","modified_gmt":"2024-05-28T13:01:12","slug":"recepti","status":"publish","type":"page","link":"https:\/\/www.zenoaza.si\/en\/recepti\/","title":{"rendered":"RECEPIE"},"content":{"rendered":"<div data-elementor-type=\"wp-page\" data-elementor-id=\"28068\" class=\"elementor elementor-28068\" data-elementor-post-type=\"page\">\n\t\t\t\t\t\t<section class=\"elementor-section elementor-top-section elementor-element elementor-element-afee6b7 elementor-section-boxed elementor-section-height-default elementor-section-height-default\" data-id=\"afee6b7\" data-element_type=\"section\" data-settings=\"{&quot;jet_parallax_layout_list&quot;:[]}\">\n\t\t\t\t\t\t\t<div class=\"elementor-background-overlay\"><\/div>\n\t\t\t\t\t\t\t<div class=\"elementor-container elementor-column-gap-default\">\n\t\t\t\t\t<div class=\"elementor-column elementor-col-100 elementor-top-column elementor-element elementor-element-a4bb564\" data-id=\"a4bb564\" data-element_type=\"column\">\n\t\t\t<div class=\"elementor-widget-wrap elementor-element-populated\">\n\t\t\t\t\t\t<div class=\"elementor-element elementor-element-d67aff5 elementor-widget elementor-widget-heading\" data-id=\"d67aff5\" data-element_type=\"widget\" data-widget_type=\"heading.default\">\n\t\t\t\t<div class=\"elementor-widget-container\">\n\t\t\t\t\t<h2 class=\"elementor-heading-title elementor-size-default\">RECEPIE<\/h2>\t\t\t\t<\/div>\n\t\t\t\t<\/div>\n\t\t\t\t\t<\/div>\n\t\t<\/div>\n\t\t\t\t\t<\/div>\n\t\t<\/section>\n\t\t\t\t<section class=\"elementor-section elementor-top-section elementor-element elementor-element-d24ce43 elementor-section-full_width elementor-section-height-default elementor-section-height-default\" data-id=\"d24ce43\" data-element_type=\"section\" data-settings=\"{&quot;jet_parallax_layout_list&quot;:[]}\">\n\t\t\t\t\t\t\t<div class=\"elementor-background-overlay\"><\/div>\n\t\t\t\t\t\t\t<div class=\"elementor-container elementor-column-gap-default\">\n\t\t\t\t\t<div class=\"elementor-column elementor-col-100 elementor-top-column elementor-element elementor-element-81e26d8\" data-id=\"81e26d8\" data-element_type=\"column\">\n\t\t\t<div class=\"elementor-widget-wrap elementor-element-populated\">\n\t\t\t\t\t\t<section class=\"elementor-section elementor-inner-section elementor-element elementor-element-05b3155 elementor-section-full_width elementor-section-height-default elementor-section-height-default\" data-id=\"05b3155\" data-element_type=\"section\" data-settings=\"{&quot;jet_parallax_layout_list&quot;:[]}\">\n\t\t\t\t\t\t<div class=\"elementor-container elementor-column-gap-default\">\n\t\t\t\t\t<div class=\"elementor-column elementor-col-33 elementor-inner-column elementor-element elementor-element-73aec93\" data-id=\"73aec93\" data-element_type=\"column\">\n\t\t\t<div class=\"elementor-widget-wrap elementor-element-populated\">\n\t\t\t\t\t\t<div class=\"elementor-element elementor-element-d91f34f elementor-widget elementor-widget-image\" data-id=\"d91f34f\" data-element_type=\"widget\" data-widget_type=\"image.default\">\n\t\t\t\t<div class=\"elementor-widget-container\">\n\t\t\t\t\t\t\t\t\t\t\t\t\t\t\t\t<a href=\"https:\/\/www.zenoaza.si\/en\/category\/recepti\/matcha-zajtrki\/\">\n\t\t\t\t\t\t\t<img fetchpriority=\"high\" decoding=\"async\" width=\"1024\" height=\"577\" src=\"https:\/\/www.zenoaza.si\/wp-content\/uploads\/2022\/06\/zdrav-zacetek.png\" class=\"attachment-large size-large wp-image-28075\" alt=\"a healthy start\" \/>\t\t\t\t\t\t\t\t<\/a>\n\t\t\t\t\t\t\t\t\t\t\t\t\t\t\t<\/div>\n\t\t\t\t<\/div>\n\t\t\t\t\t<\/div>\n\t\t<\/div>\n\t\t\t\t<div class=\"elementor-column elementor-col-33 elementor-inner-column elementor-element elementor-element-5b8ef36\" data-id=\"5b8ef36\" data-element_type=\"column\">\n\t\t\t<div class=\"elementor-widget-wrap elementor-element-populated\">\n\t\t\t\t\t\t<div class=\"elementor-element elementor-element-8af72c8 elementor-widget elementor-widget-image\" data-id=\"8af72c8\" data-element_type=\"widget\" data-widget_type=\"image.default\">\n\t\t\t\t<div class=\"elementor-widget-container\">\n\t\t\t\t\t\t\t\t\t\t\t\t\t\t\t\t<a href=\"https:\/\/www.zenoaza.si\/en\/category\/recepti\/matcha-ohladitev\/\">\n\t\t\t\t\t\t\t<img decoding=\"async\" width=\"1024\" height=\"577\" src=\"https:\/\/www.zenoaza.si\/wp-content\/uploads\/2022\/06\/matcha-ohladitev.png\" class=\"attachment-large size-large wp-image-28072\" alt=\"matcha cooling\" \/>\t\t\t\t\t\t\t\t<\/a>\n\t\t\t\t\t\t\t\t\t\t\t\t\t\t\t<\/div>\n\t\t\t\t<\/div>\n\t\t\t\t\t<\/div>\n\t\t<\/div>\n\t\t\t\t<div class=\"elementor-column elementor-col-33 elementor-inner-column elementor-element elementor-element-05d0e9c\" data-id=\"05d0e9c\" data-element_type=\"column\">\n\t\t\t<div class=\"elementor-widget-wrap elementor-element-populated\">\n\t\t\t\t\t\t<div class=\"elementor-element elementor-element-788911a elementor-widget elementor-widget-image\" data-id=\"788911a\" data-element_type=\"widget\" data-widget_type=\"image.default\">\n\t\t\t\t<div class=\"elementor-widget-container\">\n\t\t\t\t\t\t\t\t\t\t\t\t\t\t\t\t<a href=\"https:\/\/www.zenoaza.si\/en\/category\/recepti\/zdrave-matcha-sladice\/\">\n\t\t\t\t\t\t\t<img decoding=\"async\" width=\"1024\" height=\"577\" src=\"https:\/\/www.zenoaza.si\/wp-content\/uploads\/2022\/06\/sladko.png\" class=\"attachment-large size-large wp-image-28073\" alt=\"sweet\" \/>\t\t\t\t\t\t\t\t<\/a>\n\t\t\t\t\t\t\t\t\t\t\t\t\t\t\t<\/div>\n\t\t\t\t<\/div>\n\t\t\t\t\t<\/div>\n\t\t<\/div>\n\t\t\t\t\t<\/div>\n\t\t<\/section>\n\t\t\t\t<section class=\"elementor-section elementor-inner-section elementor-element elementor-element-9834373 elementor-section-full_width elementor-section-height-default elementor-section-height-default\" data-id=\"9834373\" data-element_type=\"section\" data-settings=\"{&quot;jet_parallax_layout_list&quot;:[]}\">\n\t\t\t\t\t\t<div class=\"elementor-container elementor-column-gap-default\">\n\t\t\t\t\t<div class=\"elementor-column elementor-col-33 elementor-inner-column elementor-element elementor-element-3544b6a\" data-id=\"3544b6a\" data-element_type=\"column\">\n\t\t\t<div class=\"elementor-widget-wrap elementor-element-populated\">\n\t\t\t\t\t\t<div class=\"elementor-element elementor-element-cb63be8 elementor-widget elementor-widget-image\" data-id=\"cb63be8\" data-element_type=\"widget\" data-widget_type=\"image.default\">\n\t\t\t\t<div class=\"elementor-widget-container\">\n\t\t\t\t\t\t\t\t\t\t\t\t\t\t\t\t<a href=\"https:\/\/www.zenoaza.si\/en\/category\/recepti\/matcha-caj\/\">\n\t\t\t\t\t\t\t<img loading=\"lazy\" decoding=\"async\" width=\"1024\" height=\"577\" src=\"https:\/\/www.zenoaza.si\/wp-content\/uploads\/2022\/06\/caji.png\" class=\"attachment-large size-large wp-image-28071\" alt=\"teas\" \/>\t\t\t\t\t\t\t\t<\/a>\n\t\t\t\t\t\t\t\t\t\t\t\t\t\t\t<\/div>\n\t\t\t\t<\/div>\n\t\t\t\t\t<\/div>\n\t\t<\/div>\n\t\t\t\t<div class=\"elementor-column elementor-col-33 elementor-inner-column elementor-element elementor-element-476b19b\" data-id=\"476b19b\" data-element_type=\"column\">\n\t\t\t<div class=\"elementor-widget-wrap elementor-element-populated\">\n\t\t\t\t\t\t<div class=\"elementor-element elementor-element-a0e9a0f elementor-widget elementor-widget-image\" data-id=\"a0e9a0f\" data-element_type=\"widget\" data-widget_type=\"image.default\">\n\t\t\t\t<div class=\"elementor-widget-container\">\n\t\t\t\t\t\t\t\t\t\t\t\t\t\t\t\t<a href=\"https:\/\/www.zenoaza.si\/en\/category\/recepti\/matcha-v-vsakdanjem-zivljenju\/\">\n\t\t\t\t\t\t\t<img loading=\"lazy\" decoding=\"async\" width=\"1024\" height=\"577\" src=\"https:\/\/www.zenoaza.si\/wp-content\/uploads\/2022\/07\/MATCHA-RECEPTI-3.jpg\" class=\"attachment-large size-large wp-image-29273\" alt=\"matcha recipes\" \/>\t\t\t\t\t\t\t\t<\/a>\n\t\t\t\t\t\t\t\t\t\t\t\t\t\t\t<\/div>\n\t\t\t\t<\/div>\n\t\t\t\t\t<\/div>\n\t\t<\/div>\n\t\t\t\t<div class=\"elementor-column elementor-col-33 elementor-inner-column elementor-element elementor-element-c79efdd\" data-id=\"c79efdd\" data-element_type=\"column\">\n\t\t\t<div class=\"elementor-widget-wrap elementor-element-populated\">\n\t\t\t\t\t\t<div class=\"elementor-element elementor-element-07977f3 elementor-widget elementor-widget-image\" data-id=\"07977f3\" data-element_type=\"widget\" data-widget_type=\"image.default\">\n\t\t\t\t<div class=\"elementor-widget-container\">\n\t\t\t\t\t\t\t\t\t\t\t\t\t\t\t\t<a href=\"https:\/\/www.zenoaza.si\/en\/category\/recepti\/tradicionalno\/\">\n\t\t\t\t\t\t\t<img loading=\"lazy\" decoding=\"async\" width=\"1024\" height=\"577\" src=\"https:\/\/www.zenoaza.si\/wp-content\/uploads\/2022\/06\/tradicionalno.png\" class=\"attachment-large size-large wp-image-28074\" alt=\"traditionally\" \/>\t\t\t\t\t\t\t\t<\/a>\n\t\t\t\t\t\t\t\t\t\t\t\t\t\t\t<\/div>\n\t\t\t\t<\/div>\n\t\t\t\t\t<\/div>\n\t\t<\/div>\n\t\t\t\t\t<\/div>\n\t\t<\/section>\n\t\t\t\t\t<\/div>\n\t\t<\/div>\n\t\t\t\t\t<\/div>\n\t\t<\/section>\n\t\t\t\t<\/div>","protected":false},"excerpt":{"rendered":"","protected":false},"author":1,"featured_media":0,"parent":0,"menu_order":0,"comment_status":"closed","ping_status":"closed","template":"","meta":{"_seopress_robots_primary_cat":"","_seopress_titles_title":"RECEPTI - ZEN OAZA Vrhunska Japonska Matcha","_seopress_titles_desc":"Buti\u010dna spletna trgovina z vrhunsko Japonsko Matcho. Zdravi in hranljivi recepti z vrhunsko Matcho, ki bodo va\u0161e brbon\u010dice popeljali na pravo kulinari\u010dno avanturo.","_seopress_robots_index":"","footnotes":""},"class_list":["post-28068","page","type-page","status-publish","hentry","entry","owp-thumbs-layout-vertical","owp-btn-big","owp-tabs-layout-section","has-no-thumbnails","has-product-nav"],"jetpack_sharing_enabled":true,"_links":{"self":[{"href":"https:\/\/www.zenoaza.si\/en\/wp-json\/wp\/v2\/pages\/28068","targetHints":{"allow":["GET"]}}],"collection":[{"href":"https:\/\/www.zenoaza.si\/en\/wp-json\/wp\/v2\/pages"}],"about":[{"href":"https:\/\/www.zenoaza.si\/en\/wp-json\/wp\/v2\/types\/page"}],"author":[{"embeddable":true,"href":"https:\/\/www.zenoaza.si\/en\/wp-json\/wp\/v2\/users\/1"}],"replies":[{"embeddable":true,"href":"https:\/\/www.zenoaza.si\/en\/wp-json\/wp\/v2\/comments?post=28068"}],"version-history":[{"count":0,"href":"https:\/\/www.zenoaza.si\/en\/wp-json\/wp\/v2\/pages\/28068\/revisions"}],"wp:attachment":[{"href":"https:\/\/www.zenoaza.si\/en\/wp-json\/wp\/v2\/media?parent=28068"}],"curies":[{"name":"wp","href":"https:\/\/api.w.org\/{rel}","templated":true}]}}